{"id":4051,"date":"2020-07-29T14:12:01","date_gmt":"2020-07-29T14:12:01","guid":{"rendered":"https:\/\/baycoastinsurance.com\/?page_id=4051"},"modified":"2024-08-05T14:03:23","modified_gmt":"2024-08-05T14:03:23","slug":"missao-e-visao","status":"publish","type":"page","link":"https:\/\/baycoastinsurance.com\/pt-pt\/quem-somos\/missao-e-visao\/","title":{"rendered":"Miss\u00e3o e Vis\u00e3o"},"content":{"rendered":"<div class=\"lazyblock-interior-hero-Z2vlut8 wp-block-lazyblock-interior-hero\">\n<div class=\"section hero\">\n\t<div class=\"backing parallaxContainer\">\n\t\t<div class=\"backing\" style=\"background-image: url(https:\/\/baycoastinsurance.com\/wp-content\/uploads\/2021\/07\/About-Us.jpg\" role=\"img\" aria-label=\"Hero Image\"><\/div>\n\t<\/div>\n\n\t<div class=\"heroContent\">\n\t\t<div class=\"plusPlus blue\" ><\/div>\n\n\t\t<div class=\"heroWrapper\">\n\t\t\t<div class=\"heroBlock bgWhite\">\n\n\t\t\t\t<div class=\"heroBlockHeadline\">\n\n\t\t\t\t\t\t\t\t\t\t\t<div class=\"categories flex\" style=\"justify-content: flex-start;\">\n\t\t\t\t\t\t\t<div class=\"h6\">\n\n\t\t\t\t\t\t\t  \t\t\t\t\t\t\t\t    \t<a href=\"https:\/\/baycoastinsurance.com\/pt-pt\/quem-somos\/\">Quem somos<\/a>\n\t\t\t\t\t\t\t    \n\t\t\t\t\t\t\t<\/div>\n\n\t\t\t\t\t\t\t\t\t\t\t\t\t<\/div>\n\t\t\t\t\t\n\t\t\t\t\t<h1 class=\"blue\">Miss\u00e3o e Vis\u00e3o<\/h1>\n\t\t\t\t<\/div>\n\t\t\t<\/div>\n\n\t\t\t\n\t\t<\/div>\n\t<\/div>\n<\/div>\n\n<div class=\"spacer\"><\/div>\n<\/div><div class=\"lazyblock-interior-content-Z1MtIzN wp-block-lazyblock-interior-content\"><div class=\"spacer\"><\/div>\n\n<div class=\"section\">\n\t<div class=\"paddedWrapper\">\n\t\t<div class=\"wrapper flex gutenberg\" style=\"justify-content: center;\">\n\n\t\t\t\n\t\t\t<div class=\"smallWrapper gutenberg\">\n\n\t\t\t\t<div class=\"h3\"><\/div>\n\n\t\t\t  \t<hr style=\"margin-bottom: 5rem;\">\n\n\t\t\t\t\n\n<h4 class=\"wp-block-heading\">Declara\u00e7\u00e3o da miss\u00e3o<\/h4>\n\n\n\n<p>Somos uma ag\u00eancia de seguros profissional que cria parcerias com os nossos estimados clientes, com a nossa equipa dedicada e com as companhias de seguros que representamos. O nosso esfor\u00e7o de equipa inclui um servi\u00e7o excecional, integridade, conhecimento superior e aten\u00e7\u00e3o individualizada para oferecer solu\u00e7\u00f5es personalizadas que garantem tranquilidade e apoio quando mais necessita.<\/p>\n\n\n\n<div style=\"height:20px\" aria-hidden=\"true\" class=\"wp-block-spacer\"><\/div>\n\n\n\n<h4 class=\"wp-block-heading\">Declara\u00e7\u00e3o da vis\u00e3o<\/h4>\n\n\n\n<p>A BayCoast Insurance ser\u00e1 reconhecida na \u00e1rea de mercado do BayCoast Bank como uma das principais escolhas para os seus seguros. Assente num princ\u00edpio de confian\u00e7a e respeito m\u00fatuos, aportaremos valor a todas as rela\u00e7\u00f5es com os nossos clientes, funcion\u00e1rios e parcerias estrat\u00e9gicas. Estamos dedicados a oferecer elevados padr\u00f5es de excel\u00eancia, sempre com o objetivo de melhoria constante e de criar rela\u00e7\u00f5es a longo prazo que perdurem durante muitas gera\u00e7\u00f5es.<\/p>\n\n\n\t\t\t<\/div>\n\n\t\t<\/div>\n\t<\/div>\n<\/div>\n<\/div>","protected":false},"excerpt":{"rendered":"","protected":false},"author":17,"featured_media":3480,"parent":4004,"menu_order":51,"comment_status":"closed","ping_status":"closed","template":"","meta":{"_acf_changed":false,"inline_featured_image":false,"footnotes":""},"class_list":["post-4051","page","type-page","status-publish","has-post-thumbnail","hentry"],"acf":[],"featured_image_urls_v2":{"full":["https:\/\/baycoastinsurance.com\/wp-content\/uploads\/2021\/07\/About-Us.jpg",1920,800,false],"thumbnail":["https:\/\/baycoastinsurance.com\/wp-content\/uploads\/2021\/07\/About-Us-150x150.jpg",150,150,true],"medium":["https:\/\/baycoastinsurance.com\/wp-content\/uploads\/2021\/07\/About-Us-300x125.jpg",300,125,true],"medium_large":["https:\/\/baycoastinsurance.com\/wp-content\/uploads\/2021\/07\/About-Us-768x320.jpg",768,320,true],"large":["https:\/\/baycoastinsurance.com\/wp-content\/uploads\/2021\/07\/About-Us-1024x427.jpg",1024,427,true],"1536x1536":["https:\/\/baycoastinsurance.com\/wp-content\/uploads\/2021\/07\/About-Us-1536x640.jpg",1536,640,true],"2048x2048":["https:\/\/baycoastinsurance.com\/wp-content\/uploads\/2021\/07\/About-Us.jpg",1920,800,false],"gform-image-choice-sm":["https:\/\/baycoastinsurance.com\/wp-content\/uploads\/2021\/07\/About-Us.jpg",300,125,false],"gform-image-choice-md":["https:\/\/baycoastinsurance.com\/wp-content\/uploads\/2021\/07\/About-Us.jpg",400,167,false],"gform-image-choice-lg":["https:\/\/baycoastinsurance.com\/wp-content\/uploads\/2021\/07\/About-Us.jpg",600,250,false]},"post_excerpt_stackable_v2":"<p>Quem somos Miss\u00e3o e Vis\u00e3o Declara\u00e7\u00e3o da miss\u00e3o Somos uma ag\u00eancia de seguros profissional que cria parcerias com os nossos estimados clientes, com a nossa equipa dedicada e com as companhias de seguros que representamos. O nosso esfor\u00e7o de equipa inclui um servi\u00e7o excecional, integridade, conhecimento superior e aten\u00e7\u00e3o individualizada para oferecer solu\u00e7\u00f5es personalizadas que garantem tranquilidade e apoio quando mais necessita. Declara\u00e7\u00e3o da vis\u00e3o A BayCoast Insurance ser\u00e1 reconhecida na \u00e1rea de mercado do BayCoast Bank como uma das principais escolhas para os seus seguros. Assente num princ\u00edpio de confian\u00e7a e respeito m\u00fatuos, aportaremos valor a todas as rela\u00e7\u00f5es&hellip;<\/p>\n","category_list_v2":"","author_info_v2":{"name":"BayCoast Marketing","url":"https:\/\/baycoastinsurance.com\/pt-pt\/author\/marketingbaycoastbank-com\/"},"comments_num_v2":"0 comments","publishpress_future_action":{"enabled":false,"date":"2026-04-12 14:14:29","action":"change-status","newStatus":"draft","terms":[],"taxonomy":"translation_priority","extraData":[]},"publishpress_future_workflow_manual_trigger":{"enabledWorkflows":[]},"_links":{"self":[{"href":"https:\/\/baycoastinsurance.com\/pt-pt\/wp-json\/wp\/v2\/pages\/4051","targetHints":{"allow":["GET"]}}],"collection":[{"href":"https:\/\/baycoastinsurance.com\/pt-pt\/wp-json\/wp\/v2\/pages"}],"about":[{"href":"https:\/\/baycoastinsurance.com\/pt-pt\/wp-json\/wp\/v2\/types\/page"}],"author":[{"embeddable":true,"href":"https:\/\/baycoastinsurance.com\/pt-pt\/wp-json\/wp\/v2\/users\/17"}],"replies":[{"embeddable":true,"href":"https:\/\/baycoastinsurance.com\/pt-pt\/wp-json\/wp\/v2\/comments?post=4051"}],"version-history":[{"count":0,"href":"https:\/\/baycoastinsurance.com\/pt-pt\/wp-json\/wp\/v2\/pages\/4051\/revisions"}],"up":[{"embeddable":true,"href":"https:\/\/baycoastinsurance.com\/pt-pt\/wp-json\/wp\/v2\/pages\/4004"}],"wp:featuredmedia":[{"embeddable":true,"href":"https:\/\/baycoastinsurance.com\/pt-pt\/wp-json\/wp\/v2\/media\/3480"}],"wp:attachment":[{"href":"https:\/\/baycoastinsurance.com\/pt-pt\/wp-json\/wp\/v2\/media?parent=4051"}],"curies":[{"name":"wp","href":"https:\/\/api.w.org\/{rel}","templated":true}]}}